{"id":41,"date":"2013-08-23T15:23:09","date_gmt":"2013-08-23T15:23:09","guid":{"rendered":"http:\/\/eb4.sambodev.com\/contents\/?page_id=41"},"modified":"2026-02-10T20:23:04","modified_gmt":"2026-02-10T20:23:04","slug":"ebutterfly-people","status":"publish","type":"page","link":"https:\/\/www.e-butterfly.org\/wordpress\/ebutterfly-people\/","title":{"rendered":"eButterfly Team"},"content":{"rendered":"<p><\/p>\n<hr \/>\n<hr \/>\n<h2>Core Team<\/h2>\n<h4>Maxim Larriv\u00e9e, PhD<br \/>\nInsectarium Montr\u00e9al<br \/>\nFounder &amp; Director of eButterfly<\/h4>\n<p><a href=\"http:\/\/espacepourlavie.ca\/en\/insectarium\">Max<\/a> is the director of the Insectarium Montr\u00e9al. His research explores how global change impacts the distribution of butterflies. He has strong interests in biodiversity information management and the macroecology of insects.<\/p>\n<p>&nbsp;<\/p>\n<h4>Jeremy Kerr, PhD<br \/>\nUniversity of Ottawa<br \/>\nFounder\u00a0of eButterfly and Principal Investigator<\/h4>\n<h4><a style=\"font-size: 1rem; font-weight: 400;\" href=\"http:\/\/www.macroecology.ca\/\">Jeremy<\/a><span style=\"font-size: 1rem; font-weight: 400;\">\u00a0<\/span><span style=\"font-size: 1rem; font-weight: 400;\">is a Professor of Biology at the<\/span><span style=\"font-size: 1rem; font-weight: 400;\">\u00a0<\/span><a style=\"font-size: 1rem; font-weight: 400;\" href=\"http:\/\/www.uottawa.ca\" target=\"_blank\" rel=\"noopener noreferrer\">University of Ottawa<\/a><span style=\"font-size: 1rem; font-weight: 400;\">. His intellectual contributions and research support were instrumental to the original development of eButterfly, which is part of his Canada Global Change Transect (CGCT) project. He is Vice President (and President-elect) of the<\/span><span style=\"font-size: 1rem; font-weight: 400;\">\u00a0<\/span><a style=\"font-size: 1rem; font-weight: 400;\" href=\"http:\/\/www.ecoevo.ca\" target=\"_blank\" rel=\"noopener noreferrer\">Canadian Society for Ecology and Evolution<\/a><span style=\"font-size: 1rem; font-weight: 400;\">, holds the University Research Chair in Macroecology and Conservation, and is both a<\/span><span style=\"font-size: 1rem; font-weight: 400;\">\u00a0<\/span><a style=\"font-size: 1rem; font-weight: 400;\" href=\"http:\/\/scienceengagement.utoronto.ca\/slp\/\" target=\"_blank\" rel=\"noopener noreferrer\">Science Leadership Fellow<\/a><span style=\"font-size: 1rem; font-weight: 400;\">\u00a0<\/span><span style=\"font-size: 1rem; font-weight: 400;\">and an inaugural fellow of the<\/span><span style=\"font-size: 1rem; font-weight: 400;\">\u00a0<\/span><a style=\"font-size: 1rem; font-weight: 400;\" href=\"http:\/\/www.globalyoungacademy.net\/\" target=\"_blank\" rel=\"noopener noreferrer\">Global Young Academy<\/a><span style=\"font-size: 1rem; font-weight: 400;\">.<\/span><\/h4>\n<p>&nbsp;<\/p>\n<h4>Kent McFarland, MS<br \/>\nVermont Center for Ecostudies &#8211; Vermont Atlas of Life<br \/>\nCo-director of eButterfly<\/h4>\n<h4><a style=\"font-size: 1rem; font-weight: 400;\" href=\"http:\/\/www.vtecostudies.org\/biosstaff\/kpmbio.html\">Kent<\/a><span style=\"font-size: 1rem; font-weight: 400;\">\u00a0<\/span><span style=\"font-size: 1rem; font-weight: 400;\">is a senior conservation biologist at the Vermont Center for Ecostudies in Norwich, Vermont. His research focuses on bird and butterfly ecology and conservation. He has wide-ranging experiences and interests in community science, communications and conservation photography.<\/span><\/h4>\n<p>&nbsp;<\/p>\n<h4>Xinbao Zhang<br \/>\nCo-founder of eButterfly and Head Software Developer<\/h4>\n<h4><span style=\"font-size: 1rem; font-weight: 400;\">Xinbao is a computer scientist interested in bioinformatics, database creation and community science. He translates our eButterfly ideas and wants into reality. He&#8217;s nothing short of a wizard. When not busy coding, we hope he practices swinging a net.<\/span><\/h4>\n<p>&nbsp;<\/p>\n<h4>Michael Bunsen<br \/>\nSoftware and DevOps Engineer<\/h4>\n<p>Michael is a computer scientist with far-ranging interests in the intersection of biology and computer science. On any given day, he could be working on a giant taxonomy list, spinning up a new server, implementing a computer vision model, or perhaps teasing us with his latest butterfly photo. He has been the lead developer in creating the eButterfly global taxonomy.<\/p>\n<p>&nbsp;<\/p>\n<h3>Rodrigo Solis, DVM, PhD<\/h3>\n<p>eButterfly Human Network and Data Coordinator<\/p>\n<p>Rodrigo is a Resource and Environmental Management PhD at Simon Fraser University, Canada. His main research interest lies within the social-ecological interphase of the Monarch Butterfly conservation. He has worked with the Monarch for 8 years and collaborated with several organizations such as WWF-Mexico. He Joined the eButterfly team in 2019 as the Human Network and Data Coordinator after doing a 6-month internship at the Montreal Insectarium.<\/p>\n<hr \/>\n<h2>Regional Project Leads<\/h2>\n<h4>Juliana Saenz Villada<br \/>\neButterfly Ambassador in Colombia<\/h4>\n<p>An empirical lepidopterist researcher since the age of 8, she specializes in the identification of species in Colombia, as well as the study of butterfly life cycles, their host plants, and nectar plants. Our eButterfly ambassador in South America, where she carries out citizen science activities, training research groups and butterfly enthusiasts. Additionally, she contributes to social media management and actively participates in butterfly observation.<\/p>\n<h4>Kevin Gauthier<br \/>\neButterfly Ambassador in Panama<\/h4>\n<p>Kevin is an entomologist dedicated to advancing long-term monitoring of Lepidoptera and the innovative research it enables. Passionate about multidisciplinary advocacy for insects, he aims to shift social attitudes toward a healthier coexistence with these essential members of our ecosystems. His work integrates entrepreneurship, project management, and biodiversity science to drive eButterfly&#8217;s mission of understanding and conserving butterfly diversity.<\/p>\n<p>&nbsp;<\/p>\n<hr \/>\n<h3><strong>Past Interns<\/strong><\/h3>\n<div style=\"text-align: left;\">\n<hr \/>\n<\/div>\n<h4 dir=\"ltr\">Deborah Shen<\/h4>\n<h5>University of Waterloo Coop<\/h5>\n<p dir=\"ltr\">Deborah is a Computing and Financial Management student at the University of Waterloo and worked as a Mobile and Web Developer for eButterfly from January 2024 to April 2024. Most of her co-op term was focused on learning mobile app development, where she fixed, added, and tested features of the eButterfly mobile app for its release. The remainder of her time was spent completing updates for the eButterfly website. She enjoyed working with a team that was so passionate about their work and hopes to continue developing her professional skills while finding the same enthusiasm in her future roles. Deborah continues to collaborate with the eButterfly team as a part-time developer.<\/p>\n<h4 dir=\"ltr\"><\/h4>\n<h4 dir=\"ltr\"><a href=\"https:\/\/www.linkedin.com\/in\/mairah-h?utm_source=share&amp;utm_campaign=share_via&amp;utm_content=profile&amp;utm_medium=ios_app\">Mairah Hashmi<\/a><\/h4>\n<h5>University of Waterloo Coop<\/h5>\n<div dir=\"ltr\">\n<p>Mairah is a Computer Engineering student at the University of Waterloo. During her time with the eButterfly mobile app, she contributed to the development of upcoming features for future releases. Her role involved not only implementing new features but also conducting rigorous unit testing and maintaining the app with bug fixes. This ensured the high quality and reliability of the application. As she advances in her career, Mairah is dedicated to using her engineering expertise to address complex challenges and create impactful technological solutions.<\/p>\n<\/div>\n<div dir=\"ltr\"><\/div>\n<div dir=\"ltr\"><\/div>\n<h4 dir=\"ltr\"><a href=\"https:\/\/www.linkedin.com\/in\/shivangigarg-\/\" target=\"_blank\" rel=\"noopener\">Shivangi Garg<\/a><\/h4>\n<h5>University of Waterloo Coop<\/h5>\n<p>Shivangi is a Computer Engineering student at the University of Waterloo. She was the first co-op student to join the team and has navigated through front-end, back-end, and mobile app development during her multiple co-op terms with us. Collaborating with an incredible team, she cherished the diverse challenges that came her way. What set eButterfly apart for her was not just the technical exposure but the gratification of seeing her contributions utilized in production.<\/p>\n<p>&nbsp;<\/p>\n<h4>Vivek Alamuri<\/h4>\n<h5>University of Waterloo Coop<\/h5>\n<p>Vivek is a Computer Engineering student at the University of Waterloo. He worked as a Software Developer with us for his first co-op from Jan 2021 to April 2021, contributing to the migration from Angular to React, and developing the Projects feature. He loved the team&#8217;s energy and enthusiasm for butterflying and taking this project to a greater reach! In the future, Vivek plans to work in AI, on the frontline of innovative research.<\/p>\n<p>&nbsp;<\/p>\n<h4>Kun Zhu<\/h4>\n<h5>University of Waterloo Coop<\/h5>\n<div>Kun is a University of Waterloo student studying Stats\/CO with a minor in Cognitive Science. She is curious about the intersection between technology and empathy and appreciates creative expressions of all forms.She worked with us between September &#8211; December 2021, helping us with revamping the frontend codebase of the web app from Angular to React for eB6<\/div>\n<p>&nbsp;<\/p>\n<h4>Richard Zhang<\/h4>\n<h5>University of Waterloo Coop<\/h5>\n<p>&nbsp;<\/p>\n<h4>Teddy Fong<\/h4>\n<h5>University of Waterloo Coop<\/h5>\n<p>Teddy is a biochemistry student studying at the University of Waterloo, particularly interested in fungi, their properties and their relationships with other species. Part of the eButterfly team from January 4<sup>th<\/sup>\u00a0to April 22<sup>nd, <\/sup>2022, he mainly helped as a web developer and with website QA. He hopes he&#8217;ll catch up on his schoolwork one day and can go butterflying like he&#8217;s been saying he would.<\/p>\n<p>&nbsp;<\/p>\n<h4>Amy Hu<\/h4>\n<h5>University of Waterloo Coop<\/h5>\n<p>Amy is a Computer Engineering student from the University of Waterloo. She worked as a Web Developer co-op student from May 2022 to August 2022 during her first co-op. She has been working on both the E-Butterfly admin panel and the E-butterfly web app.<\/p>\n<p>&nbsp;<\/p>\n<h4>Adam Courchense<\/h4>\n<h5>University of Waterloo Coop<\/h5>\n<p>Adam spent two terms with us during the summer of 2022 and 2023 as Biomedical Engineering undergraduate. He contributed to the release of EB6 and was instrumental in getting our mobile application up and running! Adam aims to one day combine his programming experience and the concepts he\u2019s learned throughout his undergrad to create impactful solutions to biomedical problem spaces.<\/p>\n<p>&nbsp;<\/p>\n<h4>Mark Ma<\/h4>\n<h5>University of Waterloo Coop<\/h5>\n<p>Mark is a Computer Science student from the University of Waterloo. He enjoys stories, games, music, and software development. He joined eButterfly as a web developer from May 8th, 2023, to Aug, 25th, 2023. He worked on eButterfly&#8217;s web app, admin panel, and web server. He is still unsure of where to go, but the experience has taught him a lot and renewed his interest in web development. He plans on applying these skills to his future projects and work.<\/p>\n<p>&nbsp;<\/p>\n<h4>Anirudh Goel<\/h4>\n<h5>University of Waterloo Coop<\/h5>\n<p>Anirudh Goel, a Computer Science student at the University of Waterloo, worked as a Mobile and Web developer during his tenure at eButterfly from May to August 2023. Combining his technological skills with a newfound love for nature, he was able to contribute to multiple projects such as eButterfly\u2019s webpage, admin panel, and mobile application. Anirudh was also inspired by the vibrant company culture and collaborative environment at eButterfly, and he is determined to infuse that same spirit into his future endeavours.<\/p>\n<p>&nbsp;<\/p>\n<h4>Connor Kendall<\/h4>\n<h5>University of Waterloo WE Accelerate and Coop<\/h5>\n<p>Connor Kendall is a Biomedical Engineering student at the University of Waterloo. He joined the eB team in 2022 via the WeAccelerate program to assist with developing eBLabs. He worked on the front-end and created the UI of the home and resource page! Connor is interested in the innovation and development of bio-technologies, like eButterfly, that help improve our world.<\/p>\n<p>&nbsp;<\/p>\n<h4>Mehdi Haned<\/h4>\n<h5>University of Waterloo WE Accelerate<\/h5>\n<p>Mehdi worked with eButterfly between\u00a0 June 27th, 2022 and July 29th,\u00a0 2022BIO. He is a mathematics student from the University of Waterloo that loves the outdoors. Joined EB as a coop student for the opportunity to learn new development skills and see how such projects are done. He worked on helping with building the website&#8217;s backend API (its ability to call and interact with information from the database)<\/p>\n<p>&nbsp;<\/p>\n<h4><\/h4>\n<h4>Sitansh Mehta<\/h4>\n<h5>University of Waterloo WE Accelerate<\/h5>\n<p>I was fortunate to be allowed to work with eButterfly through the University of Waterloo&#8217;s WE Accelerate program. I had a great experience working on the frontend and backend of the eButterfly Labs&#8217; admin and app projects with a supportive group of developers. The scale of my learning and growth from eButterfly has been unexpected and has sparked an interest in web development. I plan on building the skills I&#8217;ve picked up extending my learning by working on my projects, and hopefully returning to eButterfly again in the future!<span class=\"c-message__edited_label\" dir=\"ltr\" data-sk=\"tooltip_parent\">\u00a0<\/span><\/p>\n<p>&nbsp;<\/p>\n<h4><\/h4>\n<h4>Anish Khurana<\/h4>\n<h5>University of Waterloo WE Accelerate<\/h5>\n<p>Anish Khurana is a Software Engineering student at the University of Waterloo and joined the eButterfly team through the WE Accelerate program in 2022. He has worked on the front end and backend of the eButterfly Labs&#8217; admin panel through the creation of the users&#8217; page. This experience has sparked Anish&#8217;s interest for web development and coupled with his already fluent backend skills, his goal is to go into full stack development. Working on this project has given Anish a better appreciation of the outdoors.<\/p>\n<p>&nbsp;<\/p>\n<h4><\/h4>\n<h4>Amanda Yuan<\/h4>\n<h5>University of Waterloo WE Accelerate<\/h5>\n<p>&nbsp;<\/p>","protected":false},"excerpt":{"rendered":"<p>Core Team Maxim Larriv\u00e9e, PhD Insectarium Montr\u00e9al Founder &amp; Director of eButterfly Max is the director of the Insectarium Montr\u00e9al. His research explores how global change impacts the distribution of butterflies. He has strong interests in biodiversity information management and the macroecology of insects. &nbsp; Jeremy Kerr, PhD University of Ottawa Founder\u00a0of eButterfly and Principal [&hellip;]<\/p>\n","protected":false},"author":1,"featured_media":0,"parent":0,"menu_order":0,"comment_status":"closed","ping_status":"open","template":"","meta":[],"better_featured_image":null,"_links":{"self":[{"href":"https:\/\/www.e-butterfly.org\/wordpress\/wp-json\/wp\/v2\/pages\/41"}],"collection":[{"href":"https:\/\/www.e-butterfly.org\/wordpress\/wp-json\/wp\/v2\/pages"}],"about":[{"href":"https:\/\/www.e-butterfly.org\/wordpress\/wp-json\/wp\/v2\/types\/page"}],"author":[{"embeddable":true,"href":"https:\/\/www.e-butterfly.org\/wordpress\/wp-json\/wp\/v2\/users\/1"}],"replies":[{"embeddable":true,"href":"https:\/\/www.e-butterfly.org\/wordpress\/wp-json\/wp\/v2\/comments?post=41"}],"version-history":[{"count":100,"href":"https:\/\/www.e-butterfly.org\/wordpress\/wp-json\/wp\/v2\/pages\/41\/revisions"}],"predecessor-version":[{"id":2750,"href":"https:\/\/www.e-butterfly.org\/wordpress\/wp-json\/wp\/v2\/pages\/41\/revisions\/2750"}],"wp:attachment":[{"href":"https:\/\/www.e-butterfly.org\/wordpress\/wp-json\/wp\/v2\/media?parent=41"}],"curies":[{"name":"wp","href":"https:\/\/api.w.org\/{rel}","templated":true}]}}