{"id":41,"date":"2013-08-23T15:23:09","date_gmt":"2013-08-23T15:23:09","guid":{"rendered":"http:\/\/eb4.sambodev.com\/contents\/?page_id=41"},"modified":"2026-02-10T20:23:04","modified_gmt":"2026-02-10T20:23:04","slug":"ebutterfly-people","status":"publish","type":"page","link":"https:\/\/www.e-butterfly.org\/wordpress\/fr\/ebutterfly-people\/","title":{"rendered":"L&#8217;\u00e9quipe d&#8217;eButterfly"},"content":{"rendered":"<p><\/p>\n<hr \/>\n<hr \/>\n<h2>\u00c9quipe principale<\/h2>\n<h3>Maxim Larriv\u00e9e, PhD<\/h3>\n<p>Insectarium de Montr\u00e9al<br \/>\nFondateur et directeur d&#8217;eButterfly<\/p>\n<p>Max est le directeur de l&#8217;Insectarium de Montr\u00e9al. Ses recherches explorent l&#8217;impact des changements mondiaux sur la distribution des papillons. Il s&#8217;int\u00e9resse vivement \u00e0 la gestion des informations sur la biodiversit\u00e9 et \u00e0 la macro\u00e9cologie des insectes.<\/p>\n<h3>Jeremy Kerr, PhD<\/h3>\n<p>Universit\u00e9 d&#8217;Ottawa<br \/>\nFondateur d&#8217;eButterfly et chercheur principal<\/p>\n<p>Jeremy est professeur de biologie \u00e0 l&#8217;Universit\u00e9 d&#8217;Ottawa. Ses contributions intellectuelles et son soutien \u00e0 la recherche ont \u00e9t\u00e9 essentiels au d\u00e9veloppement initial d&#8217;eButterfly, qui fait partie de son projet Canada Global Change Transect (CGCT). Il est vice-pr\u00e9sident (et pr\u00e9sident \u00e9lu) de la Soci\u00e9t\u00e9 canadienne d&#8217;\u00e9cologie et d&#8217;\u00e9volution, d\u00e9tient la chaire de recherche universitaire en macro\u00e9cologie et conservation, et est \u00e0 la fois un boursier en leadership scientifique et un membre fondateur de la Global Young Academy.<\/p>\n<h3>Kent McFarland, MS<\/h3>\n<p>Centre d&#8217;\u00e9tudes sur l&#8217;\u00e9cologie du Vermont &#8211; Atlas de la vie du Vermont<br \/>\nCo-directeur d&#8217;eButterfly<\/p>\n<p>Kent est biologiste de la conservation principal au Centre d&#8217;\u00e9tudes sur l&#8217;\u00e9cologie du Vermont \u00e0 Norwich, Vermont. Ses recherches portent sur l&#8217;\u00e9cologie et la conservation des oiseaux et des papillons. Il a une exp\u00e9rience et des int\u00e9r\u00eats diversifi\u00e9s en science communautaire, en communication et en photographie de la conservation.<\/p>\n<h3>Xinbao Zhang<\/h3>\n<p>Co-fondateur d&#8217;eButterfly et chef d\u00e9veloppeur logiciel<\/p>\n<p>Xinbao est informaticien int\u00e9ress\u00e9 par la bioinformatique, la cr\u00e9ation de bases de donn\u00e9es et la science communautaire. Il traduit nos id\u00e9es et nos d\u00e9sirs eButterfly en r\u00e9alit\u00e9. Il n&#8217;est rien de moins qu&#8217;un magicien. Lorsqu&#8217;il n&#8217;est pas occup\u00e9 \u00e0 coder, nous esp\u00e9rons qu&#8217;il pratique \u00e0 balancer un filet.<\/p>\n<h3>Michael Bunsen<\/h3>\n<p>Ing\u00e9nieur logiciel et DevOps<\/p>\n<p>Michael est informaticien avec des int\u00e9r\u00eats vari\u00e9s dans l&#8217;intersection de la biologie et de l&#8217;informatique. En n&#8217;importe quel jour donn\u00e9, il pourrait travailler sur une grande liste de taxonomie, d\u00e9marrer un nouveau serveur, mettre en \u0153uvre un mod\u00e8le de vision par ordinateur, ou peut-\u00eatre nous taquiner avec sa derni\u00e8re photo de papillon. Il a \u00e9t\u00e9 le principal d\u00e9veloppeur dans la cr\u00e9ation de la taxonomie mondiale d&#8217;eButterfly.<\/p>\n<h3>Rodrigo Solis, DVM, PhD<\/h3>\n<p>Coordonnateur du r\u00e9seau humain et des donn\u00e9es d&#8217;eButterfly<\/p>\n<p>Rodrigo est doctorant en gestion des ressources et de l&#8217;environnement \u00e0 l&#8217;Universit\u00e9 Simon Fraser, Canada. Son principal int\u00e9r\u00eat de recherche r\u00e9side dans l&#8217;interphase socio-\u00e9cologique de la conservation du papillon monarque. Il a travaill\u00e9 avec le Monarque pendant 8 ans et collabor\u00e9 avec plusieurs organisations telles que WWF-Mexique. Il a rejoint l&#8217;\u00e9quipe d&#8217;eButterfly en 2019 en tant que coordonnateur du r\u00e9seau humain et des donn\u00e9es apr\u00e8s avoir effectu\u00e9 un stage de 6 mois \u00e0 l&#8217;Insectarium de Montr\u00e9al.<\/p>\n<h3>Kathleen Prudic, PhD<\/h3>\n<p>Universit\u00e9 de l&#8217;Arizona<br \/>\nAssoci\u00e9e de recherche d&#8217;eButterfly<\/p>\n<p>La recherche de Katy vise \u00e0 d\u00e9couvrir comment les interactions \u00e9cologiques ont fa\u00e7onn\u00e9 la forme, la fonction et la distribution des papillons. Elle s&#8217;int\u00e9resse vivement aux interactions entre les plantes et les insectes, \u00e0 l&#8217;\u00e9cologie communautaire, et \u00e0 expliquer pourquoi les papillons, de tous les insectes, ont des motifs d&#8217;ailes complexes et diversifi\u00e9s.<\/p>\n<hr \/>\n<h2>Responsables de projets r\u00e9gionaux<\/h2>\n<h4>Juliana Saenz Villada<br \/>\nAmbassadeur eButterfly au Colombia<\/h4>\n<p>Chercheuse empirique en l\u00e9pidopt\u00e9rologie depuis l&#8217;\u00e2ge de 8 ans, elle se sp\u00e9cialise dans l&#8217;identification des esp\u00e8ces en Colombie, ainsi que dans l&#8217;\u00e9tude du cycle de vie des papillons, de leurs plantes h\u00f4tes et de leurs plantes nectarif\u00e8res. Notre ambassadrice eButterfly en Am\u00e9rique du Sud, o\u00f9 elle m\u00e8ne des activit\u00e9s de science citoyenne, forme des groupes de recherche et des passionn\u00e9s de papillons. En outre, elle contribue \u00e0 la gestion des r\u00e9seaux sociaux et participe activement \u00e0 l&#8217;observation des papillons.<\/p>\n<h4>Kevin Gauthier<br \/>\nAmbassadeur eButterfly au Panama<\/h4>\n<p>Kevin est un entomologiste d\u00e9di\u00e9 \u00e0 la promotion du suivi \u00e0 long terme des L\u00e9pidopt\u00e8res et \u00e0 la recherche innovante qu&#8217;il permet. Passionn\u00e9 par la d\u00e9fense multidisciplinaire des insectes, il vise \u00e0 modifier les attitudes sociales en faveur d&#8217;une coexistence plus saine avec ces membres essentiels de nos \u00e9cosyst\u00e8mes. Son travail int\u00e8gre l&#8217;entrepreneuriat, la gestion de projets et la science de la biodiversit\u00e9 pour soutenir la mission d&#8217;eButterfly de comprendre et de conserver la diversit\u00e9 des papillons.<\/p>\n<p>&nbsp;<\/p>\n<hr \/>\n<h2>Co-op\u00e9rants et Stagiaires<\/h2>\n<hr \/>\n<h3>Deborah Shen<\/h3>\n<p>Coop\u00e9rative de l&#8217;Universit\u00e9 de Waterloo<\/p>\n<p>Deborah est \u00e9tudiante en gestion informatique et financi\u00e8re \u00e0 l&#8217;Universit\u00e9 de Waterloo et a travaill\u00e9 comme d\u00e9veloppeuse mobile et web pour eButterfly de janvier 2024 \u00e0 avril 2024. La plupart de son stage coop\u00e9ratif \u00e9tait ax\u00e9 sur l&#8217;apprentissage du d\u00e9veloppement d&#8217;applications mobiles, o\u00f9 elle a corrig\u00e9, ajout\u00e9 et test\u00e9 des fonctionnalit\u00e9s de l&#8217;application mobile eButterfly pour sa publication. Le reste de son temps a \u00e9t\u00e9 consacr\u00e9 \u00e0 la mise \u00e0 jour du site web d&#8217;eButterfly. Elle a appr\u00e9ci\u00e9 de travailler avec une \u00e9quipe aussi passionn\u00e9e par leur travail et esp\u00e8re continuer \u00e0 d\u00e9velopper ses comp\u00e9tences professionnelles tout en trouvant la m\u00eame enthousiasme dans ses futurs r\u00f4les. Deborah continue \u00e0 collaborer avec l&#8217;\u00e9quipe d&#8217;eButterfly en tant que d\u00e9veloppeuse \u00e0 temps partiel.<\/p>\n<h3>Mairah Hashmi<\/h3>\n<p>Coop\u00e9rative de l&#8217;Universit\u00e9 de Waterloo<\/p>\n<p>Mairah est \u00e9tudiante en g\u00e9nie informatique \u00e0 l&#8217;Universit\u00e9 de Waterloo. Pendant son s\u00e9jour avec l&#8217;application mobile eButterfly, elle a contribu\u00e9 au d\u00e9veloppement de fonctionnalit\u00e9s \u00e0 venir pour les prochaines versions. Son r\u00f4le consistait non seulement \u00e0 impl\u00e9menter de nouvelles fonctionnalit\u00e9s, mais aussi \u00e0 effectuer des tests unitaires rigoureux et \u00e0 maint<\/p>\n<p>enir l&#8217;application avec des correctifs. Cela a assur\u00e9 la haute qualit\u00e9 et la fiabilit\u00e9 de l&#8217;application. En avan\u00e7ant dans sa carri\u00e8re, Mairah s&#8217;engage \u00e0 utiliser son expertise en g\u00e9nie pour relever des d\u00e9fis complexes et cr\u00e9er des solutions technologiques impactantes.<\/p>\n<h3>Shivangi Garg<\/h3>\n<p>Coop\u00e9rative de l&#8217;Universit\u00e9 de Waterloo<\/p>\n<p>Shivangi est \u00e9tudiante en g\u00e9nie informatique \u00e0 l&#8217;Universit\u00e9 de Waterloo. Elle a \u00e9t\u00e9 la premi\u00e8re \u00e9tudiante en coop\u00e9ration \u00e0 rejoindre l&#8217;\u00e9quipe et a navigu\u00e9 \u00e0 travers le d\u00e9veloppement front-end, back-end et d&#8217;applications mobiles lors de ses multiples stages coop\u00e9ratifs avec nous. Collaborant avec une \u00e9quipe incroyable, elle a appr\u00e9ci\u00e9 les divers d\u00e9fis qui se pr\u00e9sentaient \u00e0 elle. Ce qui a distingu\u00e9 eButterfly pour elle n&#8217;\u00e9tait pas seulement l&#8217;exposition technique mais aussi la satisfaction de voir ses contributions utilis\u00e9es en production.<\/p>\n<h3>Vivek Alamuri<\/h3>\n<p>Coop\u00e9rative de l&#8217;Universit\u00e9 de Waterloo<\/p>\n<p>Vivek est \u00e9tudiant en g\u00e9nie informatique \u00e0 l&#8217;Universit\u00e9 de Waterloo. Il a travaill\u00e9 en tant que d\u00e9veloppeur logiciel avec nous pour son premier stage coop\u00e9ratif de janvier 2021 \u00e0 avril 2021, contribuant \u00e0 la migration d&#8217;Angular vers React, et d\u00e9veloppant la fonctionnalit\u00e9 Projets. Il a ador\u00e9 l&#8217;\u00e9nergie et l&#8217;enthousiasme de l&#8217;\u00e9quipe pour le papillon et la port\u00e9e de ce projet ! \u00c0 l&#8217;avenir, Vivek pr\u00e9voit de travailler en intelligence artificielle, en premi\u00e8re ligne de la recherche innovante.<\/p>\n<h3>Kun Zhu<\/h3>\n<p>Coop\u00e9rative de l&#8217;Universit\u00e9 de Waterloo<\/p>\n<p>Kun est \u00e9tudiante \u00e0 l&#8217;Universit\u00e9 de Waterloo, sp\u00e9cialis\u00e9e en statistiques\/CO avec une mineure en science cognitive. Elle est curieuse de l&#8217;intersection entre la technologie et l&#8217;empathie et appr\u00e9cie les expressions cr\u00e9atives sous toutes ses formes. Elle a travaill\u00e9 avec nous entre septembre et d\u00e9cembre 2021, nous aidant \u00e0 r\u00e9nover la base de code frontend de l&#8217;application web d&#8217;Angular \u00e0 React pour eB6.<\/p>\n<h3>Richard Zhang<\/h3>\n<p>Coop\u00e9rative de l&#8217;Universit\u00e9 de Waterloo<\/p>\n<h3>Teddy Fong<\/h3>\n<p>Coop\u00e9rative de l&#8217;Universit\u00e9 de Waterloo<\/p>\n<p>Teddy est \u00e9tudiant en biochimie \u00e0 l&#8217;Universit\u00e9 de Waterloo, particuli\u00e8rement int\u00e9ress\u00e9 par les champignons, leurs propri\u00e9t\u00e9s et leurs relations avec d&#8217;autres esp\u00e8ces. Faisant partie de l&#8217;\u00e9quipe d&#8217;eButterfly du 4 janvier au 22 avril 2022, il a principalement aid\u00e9 en tant que d\u00e9veloppeur web et avec l&#8217;assurance qualit\u00e9 du site web. Il esp\u00e8re qu&#8217;un jour il pourra rattraper son retard dans ses travaux scolaires et pourra aller papillonner comme il le dit depuis un moment.<\/p>\n<h3>Amy Hu<\/h3>\n<p>Coop\u00e9rative de l&#8217;Universit\u00e9 de Waterloo<\/p>\n<h3>Adam Courchense<\/h3>\n<p>Coop\u00e9rative de l&#8217;Universit\u00e9 de Waterloo<\/p>\n<h3>Mark Ma<\/h3>\n<p>Coop\u00e9rative de l&#8217;Universit\u00e9 de Waterloo<\/p>\n<h3>Anirudh Goel<\/h3>\n<p>Coop\u00e9rative de l&#8217;Universit\u00e9 de Waterloo<\/p>\n<h3>Connor Kendall<\/h3>\n<p>WE Accelerate et Coop\u00e9rative de l&#8217;Universit\u00e9 de Waterloo<\/p>\n<h3>Mehdi Haned<\/h3>\n<p>WE Accelerate de l&#8217;Universit\u00e9 de Waterloo<\/p>\n<h3>Sitansh Mehta<\/h3>\n<p>WE Accelerate de l&#8217;Universit\u00e9 de Waterloo<\/p>\n<h3>Anish Khurana<\/h3>\n<p>WE Accelerate de l&#8217;Universit\u00e9 de Waterloo<\/p>\n<h3>Amanda Yuan<\/h3>\n<p>WE Accelerate de l&#8217;Universit\u00e9 de Waterloo<\/p>\n<hr \/>\n<h2>Experts d&#8217;\u00e9valuation pour TEA<\/h2>\n<p>&nbsp;<\/p>\n<h3>Kirstyn Eckhardt<\/h3>\n<p>Universit\u00e9 du Manitoba<\/p>\n<p>Je suis \u00e9tudiant dipl\u00f4m\u00e9 en entomologie \u00e0 l&#8217;Universit\u00e9 du Manitoba, \u00e9tudiant la croissance et le d\u00e9veloppement d&#8217;un papillon des prairies en voie de disparition. Vous pouvez me trouver en plein air avec mon appareil photo, \u00e0 la poursuite des papillons pendant mon temps libre.<\/p>\n<h3>Alexandra Gregg<\/h3>\n<p>Universit\u00e9 Simon Fraser<\/p>\n<p>Alexandra Gregg est \u00e9tudiante de premier cycle \u00e0 l&#8217;Universit\u00e9 Simon Fraser, \u00e9tudiant l&#8217;\u00e9cologie et la conservation des esp\u00e8ces de papillons canadiens. Elle s&#8217;int\u00e9resse actuellement aux relations sp\u00e9cialistes-g\u00e9n\u00e9ralistes, et son papillon pr\u00e9f\u00e9r\u00e9 est le Plebejus icarioides.<\/p>\n<p>&#8220;`<\/p>","protected":false},"excerpt":{"rendered":"<p>\u00c9quipe principale Maxim Larriv\u00e9e, PhD Insectarium de Montr\u00e9al Fondateur et directeur d&#8217;eButterfly Max est le directeur de l&#8217;Insectarium de Montr\u00e9al. Ses recherches explorent l&#8217;impact des changements mondiaux sur la distribution des papillons. Il s&#8217;int\u00e9resse vivement \u00e0 la gestion des informations sur la biodiversit\u00e9 et \u00e0 la macro\u00e9cologie des insectes. Jeremy Kerr, PhD Universit\u00e9 d&#8217;Ottawa Fondateur [&hellip;]<\/p>\n","protected":false},"author":1,"featured_media":0,"parent":0,"menu_order":0,"comment_status":"closed","ping_status":"open","template":"","meta":[],"better_featured_image":null,"_links":{"self":[{"href":"https:\/\/www.e-butterfly.org\/wordpress\/fr\/wp-json\/wp\/v2\/pages\/41"}],"collection":[{"href":"https:\/\/www.e-butterfly.org\/wordpress\/fr\/wp-json\/wp\/v2\/pages"}],"about":[{"href":"https:\/\/www.e-butterfly.org\/wordpress\/fr\/wp-json\/wp\/v2\/types\/page"}],"author":[{"embeddable":true,"href":"https:\/\/www.e-butterfly.org\/wordpress\/fr\/wp-json\/wp\/v2\/users\/1"}],"replies":[{"embeddable":true,"href":"https:\/\/www.e-butterfly.org\/wordpress\/fr\/wp-json\/wp\/v2\/comments?post=41"}],"version-history":[{"count":100,"href":"https:\/\/www.e-butterfly.org\/wordpress\/fr\/wp-json\/wp\/v2\/pages\/41\/revisions"}],"predecessor-version":[{"id":2750,"href":"https:\/\/www.e-butterfly.org\/wordpress\/fr\/wp-json\/wp\/v2\/pages\/41\/revisions\/2750"}],"wp:attachment":[{"href":"https:\/\/www.e-butterfly.org\/wordpress\/fr\/wp-json\/wp\/v2\/media?parent=41"}],"curies":[{"name":"wp","href":"https:\/\/api.w.org\/{rel}","templated":true}]}}