{"id":41,"date":"2013-08-23T15:23:09","date_gmt":"2013-08-23T15:23:09","guid":{"rendered":"http:\/\/eb4.sambodev.com\/contents\/?page_id=41"},"modified":"2026-02-10T20:23:04","modified_gmt":"2026-02-10T20:23:04","slug":"ebutterfly-people","status":"publish","type":"page","link":"https:\/\/www.e-butterfly.org\/wordpress\/es\/ebutterfly-people\/","title":{"rendered":"eButterfly Team"},"content":{"rendered":"<p><\/p>\n<hr \/>\n<hr \/>\n<h1><span style=\"font-size: 1rem;\">Core Team<\/span><\/h1>\n<h3>Maxim Larriv\u00e9e, PhD<\/h3>\n<p>Insectarium Montr\u00e9al<br \/>\nFounder &amp; Director of eButterfly<\/p>\n<p>Max is the director of the Insectarium Montr\u00e9al. His research explores how global change impacts the distribution of butterflies. He has strong interests in biodiversity information management and the macroecology of insects.<\/p>\n<h3>Jeremy Kerr, PhD<\/h3>\n<p>University of Ottawa<br \/>\nFounder of eButterfly and Principal Investigator<\/p>\n<p>Jeremy is a Professor of Biology at the University of Ottawa. His intellectual contributions and research support were instrumental to the original development of eButterfly, which is part of his Canada Global Change Transect (CGCT) project. He is Vice President (and President-elect) of the Canadian Society for Ecology and Evolution, holds the University Research Chair in Macroecology and Conservation, and is both a Science Leadership Fellow and an inaugural fellow of the Global Young Academy.<\/p>\n<h3>Kent McFarland, MS<\/h3>\n<p>Vermont Center for Ecostudies &#8211; Vermont Atlas of Life<br \/>\nCo-director of eButterfly<\/p>\n<p>Kent is a senior conservation biologist at the Vermont Center for Ecostudies in Norwich, Vermont. His research focuses on bird and butterfly ecology and conservation. He has wide-ranging experiences and interests in community science, communications and conservation photography.<\/p>\n<h3>Xinbao Zhang<\/h3>\n<p>Co-founder of eButterfly and Head Software Developer<\/p>\n<p>Xinbao is a computer scientist interested in bioinformatics, database creation and community science. He translates our eButterfly ideas and wants into reality. He&#8217;s nothing short of a wizard. When not busy coding, we hope he practices swinging a net.<\/p>\n<h3>Michael Bunsen<\/h3>\n<p>Software and DevOps Engineer<\/p>\n<p>Michael is a computer scientist with far-ranging interests in the intersection of biology and computer science. On any given day, he could be working on a giant taxonomy list, spinning up a new server, implementing a computer vision model, or perhaps teasing us with his latest butterfly photo. He has been the lead developer in creating the eButterfly global taxonomy.<\/p>\n<h3>Rodrigo Solis, DVM, PhD<\/h3>\n<p>eButterfly Human Network and Data Coordinator<\/p>\n<p>Rodrigo is a Resource and Environmental Management PhD at Simon Fraser University, Canada. His main research interest lies within the social-ecological interphase of the Monarch Butterfly conservation. He has worked with the Monarch for 8 years and collaborated with several organizations such as WWF-Mexico. He Joined the eButterfly team in 2019 as the Human Network and Data Coordinator after doing a 6-month internship at the Montreal Insectarium.<\/p>\n<hr \/>\n<h2>Regional Project Leads<\/h2>\n<h4>Juliana Saenz Villada<br \/>\neButterfly Ambassador in Colombia<\/h4>\n<p>An empirical lepidopterist researcher since the age of 8, she specializes in the identification of species in Colombia, as well as the study of butterfly life cycles, their host plants, and nectar plants. Our eButterfly ambassador in South America, where she carries out citizen science activities, training research groups and butterfly enthusiasts. Additionally, she contributes to social media management and actively participates in butterfly observation.<\/p>\n<h4>Kevin Gauthier<br \/>\neButterfly Ambassador in Panama<\/h4>\n<p>Kevin is an entomologist dedicated to advancing long-term monitoring of Lepidoptera and the innovative research it enables. Passionate about multidisciplinary advocacy for insects, he aims to shift social attitudes toward a healthier coexistence with these essential members of our ecosystems. His work integrates entrepreneurship, project management, and biodiversity science to drive eButterfly&#8217;s mission of understanding and conserving butterfly diversity.<\/p>\n<p>&nbsp;<\/p>\n<hr \/>\n<h2>Past Co-Ops and Interns<\/h2>\n<h3>Deborah Shen<\/h3>\n<p>University of Waterloo Coop<\/p>\n<p>Deborah is a Computing and Financial Management student at the University of Waterloo and worked as a Mobile and Web Developer for eButterfly from January 2024 to April 2024. Most of her co-op term was focused on learning mobile app development, where she fixed, added, and tested features of the eButterfly mobile app for its release. The remainder of her time was spent completing updates for the eButterfly website. She enjoyed working with a team that was so passionate about their work and hopes to continue developing her professional skills while finding the same enthusiasm in her future roles. Deborah continues to collaborate with the eButterfly team as a part-time developer.<\/p>\n<h3>Mairah Hashmi<\/h3>\n<p>University of Waterloo Coop<\/p>\n<p>Mairah is a Computer Engineering student at the University of Waterloo. During her time with the eButterfly mobile app, she contributed to the development of upcoming features for future releases. Her role involved not only implementing new features but also conducting rigorous unit testing and maintaining the app with bug fixes. This ensured the high quality and reliability of the application. As she advances in her career, Mairah is dedicated to using her engineering expertise to address complex challenges and create impactful technological solutions.<\/p>\n<h3>Shivangi Garg<\/h3>\n<p>University of Waterloo Coop<\/p>\n<p>Shivangi is a Computer Engineering student at the University of Waterloo. She was the first co-op student to join the team and has navigated through front-end, back-end, and mobile app development during her multiple co-op terms with us. Collaborating with an incredible team, she cherished the diverse challenges that came her way. What set eButterfly apart for her was not just the technical exposure but the gratification of seeing her contributions utilized in production.<\/p>\n<h3>Vivek Alamuri<\/h3>\n<p>University of Waterloo Coop<\/p>\n<p>Vivek is a Computer Engineering student at the University of Waterloo. He worked as a Software Developer with us for his first co-op from Jan 2021 to April 2021, contributing to the migration from Angular to React, and developing the Projects feature. He loved the team&#8217;s energy and enthusiasm for butterflying and taking this project to a greater reach! In the future, Vivek plans to work in AI, on the frontline of innovative research.<\/p>\n<h3>Kun Zhu<\/h3>\n<p>University of Waterloo Coop<\/p>\n<p>Kun is a University of Waterloo student studying Stats\/CO with a minor in Cognitive Science. She is curious about the intersection between technology and empathy and appreciates creative expressions of all forms. She worked with us between September &#8211; December 2021, helping us with revamping the frontend codebase of the web app from Angular to React for eB<\/p>\n<h3>Richard Zhang<\/h3>\n<p>University of Waterloo Coop<\/p>\n<h3>Teddy Fong<\/h3>\n<p>University of Waterloo Coop<\/p>\n<p>Teddy is a biochemistry student studying at the University of Waterloo, particularly interested in fungi, their properties and their relationships with other species. Part of the eButterfly team from January 4th to April 22nd, 2022, he mainly helped as a web developer and with website QA. He hopes he&#8217;ll catch up on his schoolwork one day and can go butterflying like he&#8217;s been saying he would.<\/p>\n<h3>Amy Hu<\/h3>\n<p>University of Waterloo Coop<\/p>\n<h3>Adam Courchense<\/h3>\n<p>University of Waterloo Coop<\/p>\n<h3>Mark Ma<\/h3>\n<p>University of Waterloo Coop<\/p>\n<h3>Anirudh Goel<\/h3>\n<p>University of Waterloo Coop<\/p>\n<h3>Connor Kendall<\/h3>\n<p>University of Waterloo WE Accelerate and Coop<\/p>\n<h3>Mehdi Haned<\/h3>\n<p>University of Waterloo WE Accelerate<\/p>\n<h3>Sitansh Mehta<\/h3>\n<p>University of Waterloo WE Accelerate<\/p>\n<h3>Anish Khurana<\/h3>\n<p>University of Waterloo WE Accelerate<\/p>\n<h3>Amanda Yuan<\/h3>\n<p>University of Waterloo WE Accelerate<\/p>\n<hr \/>\n<h2>Vetting experts for TEA<\/h2>\n<h3>Kirstyn Eckhardt<\/h3>\n<p>University of Manitoba<\/p>\n<p>I&#8217;m a graduate student in Entomology at the University of Manitoba, studying the growth and development of an endangered prairie butterfly. You can find me outdoors with my camera, chasing butterflies in my free time.<\/p>\n<h3>Alexandra Gregg<\/h3>\n<p>Simon Fraser University<\/p>\n<p>Alexandra Gregg is an undergraduate student at Simon Fraser University studying the ecology and conservation of Canadian butterfly species. She is currently interested in specialist-generalist relationships, and her favourite butterfly is the Plebejus icarioides.<\/p>\n<p>&#8220;`<\/p>","protected":false},"excerpt":{"rendered":"<p>Core Team Maxim Larriv\u00e9e, PhD Insectarium Montr\u00e9al Founder &amp; Director of eButterfly Max is the director of the Insectarium Montr\u00e9al. His research explores how global change impacts the distribution of butterflies. He has strong interests in biodiversity information management and the macroecology of insects. Jeremy Kerr, PhD University of Ottawa Founder of eButterfly and Principal [&hellip;]<\/p>\n","protected":false},"author":1,"featured_media":0,"parent":0,"menu_order":0,"comment_status":"closed","ping_status":"open","template":"","meta":[],"better_featured_image":null,"_links":{"self":[{"href":"https:\/\/www.e-butterfly.org\/wordpress\/es\/wp-json\/wp\/v2\/pages\/41"}],"collection":[{"href":"https:\/\/www.e-butterfly.org\/wordpress\/es\/wp-json\/wp\/v2\/pages"}],"about":[{"href":"https:\/\/www.e-butterfly.org\/wordpress\/es\/wp-json\/wp\/v2\/types\/page"}],"author":[{"embeddable":true,"href":"https:\/\/www.e-butterfly.org\/wordpress\/es\/wp-json\/wp\/v2\/users\/1"}],"replies":[{"embeddable":true,"href":"https:\/\/www.e-butterfly.org\/wordpress\/es\/wp-json\/wp\/v2\/comments?post=41"}],"version-history":[{"count":100,"href":"https:\/\/www.e-butterfly.org\/wordpress\/es\/wp-json\/wp\/v2\/pages\/41\/revisions"}],"predecessor-version":[{"id":2750,"href":"https:\/\/www.e-butterfly.org\/wordpress\/es\/wp-json\/wp\/v2\/pages\/41\/revisions\/2750"}],"wp:attachment":[{"href":"https:\/\/www.e-butterfly.org\/wordpress\/es\/wp-json\/wp\/v2\/media?parent=41"}],"curies":[{"name":"wp","href":"https:\/\/api.w.org\/{rel}","templated":true}]}}